{"id":4779,"date":"2024-01-15T01:54:24","date_gmt":"2024-01-15T00:54:24","guid":{"rendered":"https:\/\/jasm1.com\/home\/"},"modified":"2026-05-12T09:04:17","modified_gmt":"2026-05-12T07:04:17","slug":"home","status":"publish","type":"page","link":"https:\/\/jasm1.com\/en\/","title":{"rendered":"Home"},"content":{"rendered":"<style>.kb-row-layout-id2548_cede8a-0a > .kt-row-column-wrap{align-content:start;}:where(.kb-row-layout-id2548_cede8a-0a > .kt-row-column-wrap) > .wp-block-kadence-column{justify-content:start;}.kb-row-layout-id2548_cede8a-0a > .kt-row-column-wrap{column-gap:var(--global-kb-gap-md, 2rem);row-gap:var(--global-kb-gap-none, 0rem );max-width:100%;margin-left:auto;margin-right:auto;padding-top:0px;padding-bottom:0px;grid-template-columns:minmax(0, 1fr);}.kb-row-layout-id2548_cede8a-0a > .kt-row-layout-overlay{opacity:0.30;}@media all and (max-width: 1024px){.kb-row-layout-id2548_cede8a-0a > .kt-row-column-wrap{grid-template-columns:minmax(0, 1fr);}}@media all and (max-width: 767px){.kb-row-layout-id2548_cede8a-0a > .kt-row-column-wrap{grid-template-columns:minmax(0, 1fr);}}<\/style><div class=\"kb-row-layout-wrap kb-row-layout-id2548_cede8a-0a alignnone wp-block-kadence-rowlayout\"><div class=\"kt-row-column-wrap kt-has-1-columns kt-row-layout-equal kt-tab-layout-inherit kt-mobile-layout-row kt-row-valign-top\">\n<style>.kadence-column2548_5f8f7c-c4 > .kt-inside-inner-col{padding-top:0px;}.kadence-column2548_5f8f7c-c4 > .kt-inside-inner-col,.kadence-column2548_5f8f7c-c4 > .kt-inside-inner-col:before{border-top-left-radius:0px;border-top-right-radius:0px;border-bottom-right-radius:0px;border-bottom-left-radius:0px;}.kadence-column2548_5f8f7c-c4 > .kt-inside-inner-col{column-gap:var(--global-kb-gap-sm, 1rem);}.kadence-column2548_5f8f7c-c4 > .kt-inside-inner-col{flex-direction:column;}.kadence-column2548_5f8f7c-c4 > .kt-inside-inner-col > .aligncenter{width:100%;}.kadence-column2548_5f8f7c-c4 > .kt-inside-inner-col:before{opacity:0.3;}.kadence-column2548_5f8f7c-c4{position:relative;}.kadence-column2548_5f8f7c-c4, .kt-inside-inner-col > .kadence-column2548_5f8f7c-c4:not(.specificity){margin-top:0px;}@media all and (max-width: 1024px){.kadence-column2548_5f8f7c-c4 > .kt-inside-inner-col{flex-direction:column;justify-content:center;}}@media all and (max-width: 767px){.kadence-column2548_5f8f7c-c4 > .kt-inside-inner-col{flex-direction:column;justify-content:center;}}<\/style>\n<div class=\"wp-block-kadence-column kadence-column2548_5f8f7c-c4 kb-section-has-link\"><div class=\"kt-inside-inner-col\">\n<div class=\"wp-block-cover\" style=\"min-height:80vh;aspect-ratio:unset;\"><img loading=\"lazy\" decoding=\"async\" width=\"1920\" height=\"1080\" class=\"wp-block-cover__image-background wp-image-3940 size-full\" alt=\"\u0152uvre Jasm One \u2014 The Line monumental\" src=\"https:\/\/jasm1.com\/wp-content\/uploads\/2026\/05\/hero-1920x1080px-theline-panorama-part-6-t.jpg\" data-object-fit=\"cover\" srcset=\"https:\/\/jasm1.com\/wp-content\/uploads\/2026\/05\/hero-1920x1080px-theline-panorama-part-6-t.jpg 1920w, https:\/\/jasm1.com\/wp-content\/uploads\/2026\/05\/hero-1920x1080px-theline-panorama-part-6-t-300x169.jpg 300w, https:\/\/jasm1.com\/wp-content\/uploads\/2026\/05\/hero-1920x1080px-theline-panorama-part-6-t-1024x576.jpg 1024w, https:\/\/jasm1.com\/wp-content\/uploads\/2026\/05\/hero-1920x1080px-theline-panorama-part-6-t-768x432.jpg 768w, https:\/\/jasm1.com\/wp-content\/uploads\/2026\/05\/hero-1920x1080px-theline-panorama-part-6-t-1536x864.jpg 1536w\" sizes=\"auto, (max-width: 1920px) 100vw, 1920px\" \/><span aria-hidden=\"true\" class=\"wp-block-cover__background has-background-dim\"><\/span><div class=\"wp-block-cover__inner-container is-layout-flow wp-block-cover-is-layout-flow\">\n<p class=\"has-text-align-center has-larger-font-size\">Acting on reality.<\/p>\n\n\n<style>.wp-block-kadence-spacer.kt-block-spacer-2548_3ed4fd-0a .kt-block-spacer{height:60px;}.wp-block-kadence-spacer.kt-block-spacer-2548_3ed4fd-0a .kt-divider{border-top-width:3px;height:1px;border-top-color:#eee;width:11%;border-top-style:solid;}<\/style>\n<div class=\"wp-block-kadence-spacer aligncenter kt-block-spacer-2548_3ed4fd-0a\"><div class=\"kt-block-spacer kt-block-spacer-halign-center\"><hr class=\"kt-divider\"\/><\/div><\/div>\n\n\n\n<p class=\"has-text-align-center has-medium-font-size\">Exploring the works<\/p>\n<\/div><\/div>\n<\/div><a href=\"https:\/\/jasm1.com\/en\/the-line\/\" class=\"kb-section-link-overlay\"><\/a><\/div>\n\n<\/div><\/div>","protected":false},"excerpt":{"rendered":"<p>From the work Lines of Soul, this series presents murals revealing each place as a point of anchorage and reflection.<\/p>\n","protected":false},"author":1,"featured_media":3941,"parent":0,"menu_order":0,"comment_status":"closed","ping_status":"closed","template":"","meta":{"_acf_changed":false,"_kad_post_transparent":"","_kad_post_title":"","_kad_post_layout":"","_kad_post_sidebar_id":"","_kad_post_content_style":"","_kad_post_vertical_padding":"","_kad_post_feature":"","_kad_post_feature_position":"","_kad_post_header":false,"_kad_post_footer":false,"_kad_post_classname":"","footnotes":""},"class_list":["post-4779","page","type-page","status-publish","has-post-thumbnail","hentry"],"acf":[],"yoast_head":"<!-- This site is optimized with the Yoast SEO plugin v27.5 - https:\/\/yoast.com\/product\/yoast-seo-wordpress\/ -->\n<title>Jasm One - Contemporary artist<\/title>\n<meta name=\"description\" content=\"Jasm One (Issam Rezgui), contemporary artist based in Lausanne. Painting, installation, frescoes - founder of Art Valais Open Air Museum.\" \/>\n<meta name=\"robots\" content=\"index, follow, max-snippet:-1, max-image-preview:large, max-video-preview:-1\" \/>\n<link rel=\"canonical\" href=\"https:\/\/jasm1.com\/en\/\" \/>\n<meta property=\"og:locale\" content=\"en_US\" \/>\n<meta property=\"og:type\" content=\"article\" \/>\n<meta property=\"og:title\" content=\"Jasm One - Contemporary artist\" \/>\n<meta property=\"og:description\" content=\"Jasm One (Issam Rezgui), contemporary artist based in Lausanne. Painting, installation, frescoes - founder of Art Valais Open Air Museum.\" \/>\n<meta property=\"og:url\" content=\"https:\/\/jasm1.com\/en\/\" \/>\n<meta property=\"og:site_name\" content=\"jasm1.com\" \/>\n<meta property=\"article:publisher\" content=\"https:\/\/www.facebook.com\/jasm1official\" \/>\n<meta property=\"article:modified_time\" content=\"2026-05-12T07:04:17+00:00\" \/>\n<meta property=\"og:image\" content=\"https:\/\/jasm1.com\/wp-content\/uploads\/2026\/05\/hero-1920x1080px-theline-panorama-part-6-t.jpg\" \/>\n\t<meta property=\"og:image:width\" content=\"1920\" \/>\n\t<meta property=\"og:image:height\" content=\"1080\" \/>\n\t<meta property=\"og:image:type\" content=\"image\/jpeg\" \/>\n<meta name=\"twitter:card\" content=\"summary_large_image\" \/>\n<script type=\"application\/ld+json\" class=\"yoast-schema-graph\">{\"@context\":\"https:\\\/\\\/schema.org\",\"@graph\":[{\"@type\":\"WebPage\",\"@id\":\"https:\\\/\\\/jasm1.com\\\/en\\\/\",\"url\":\"https:\\\/\\\/jasm1.com\\\/en\\\/\",\"name\":\"Jasm One - Contemporary artist\",\"isPartOf\":{\"@id\":\"https:\\\/\\\/jasm1.com\\\/en\\\/#website\"},\"primaryImageOfPage\":{\"@id\":\"https:\\\/\\\/jasm1.com\\\/en\\\/#primaryimage\"},\"image\":{\"@id\":\"https:\\\/\\\/jasm1.com\\\/en\\\/#primaryimage\"},\"thumbnailUrl\":\"https:\\\/\\\/jasm1.com\\\/wp-content\\\/uploads\\\/2026\\\/05\\\/hero-1920x1080px-theline-panorama-part-6-t.jpg\",\"datePublished\":\"2024-01-15T00:54:24+00:00\",\"dateModified\":\"2026-05-12T07:04:17+00:00\",\"description\":\"Jasm One (Issam Rezgui), contemporary artist based in Lausanne. Painting, installation, frescoes - founder of Art Valais Open Air Museum.\",\"breadcrumb\":{\"@id\":\"https:\\\/\\\/jasm1.com\\\/en\\\/#breadcrumb\"},\"inLanguage\":\"en-US\",\"potentialAction\":[{\"@type\":\"ReadAction\",\"target\":[\"https:\\\/\\\/jasm1.com\\\/en\\\/\"]}]},{\"@type\":\"ImageObject\",\"inLanguage\":\"en-US\",\"@id\":\"https:\\\/\\\/jasm1.com\\\/en\\\/#primaryimage\",\"url\":\"https:\\\/\\\/jasm1.com\\\/wp-content\\\/uploads\\\/2026\\\/05\\\/hero-1920x1080px-theline-panorama-part-6-t.jpg\",\"contentUrl\":\"https:\\\/\\\/jasm1.com\\\/wp-content\\\/uploads\\\/2026\\\/05\\\/hero-1920x1080px-theline-panorama-part-6-t.jpg\",\"width\":1920,\"height\":1080,\"caption\":\"The Line, monumental work -fragement\"},{\"@type\":\"BreadcrumbList\",\"@id\":\"https:\\\/\\\/jasm1.com\\\/en\\\/#breadcrumb\",\"itemListElement\":[{\"@type\":\"ListItem\",\"position\":1,\"name\":\"Accueil\",\"item\":\"https:\\\/\\\/jasm1.com\\\/en\\\/\"},{\"@type\":\"ListItem\",\"position\":2,\"name\":\"Home\"}]},{\"@type\":\"WebSite\",\"@id\":\"https:\\\/\\\/jasm1.com\\\/en\\\/#website\",\"url\":\"https:\\\/\\\/jasm1.com\\\/en\\\/\",\"name\":\"Jasm One\",\"description\":\"Jasm One \u2014 Artist\",\"publisher\":{\"@id\":\"https:\\\/\\\/jasm1.com\\\/en\\\/#\\\/schema\\\/person\\\/586aa00ccbb7789fc6157b723cd017d9\"},\"potentialAction\":[{\"@type\":\"SearchAction\",\"target\":{\"@type\":\"EntryPoint\",\"urlTemplate\":\"https:\\\/\\\/jasm1.com\\\/en\\\/?s={search_term_string}\"},\"query-input\":{\"@type\":\"PropertyValueSpecification\",\"valueRequired\":true,\"valueName\":\"search_term_string\"}}],\"inLanguage\":\"en-US\"},{\"@type\":[\"Person\",\"Organization\"],\"@id\":\"https:\\\/\\\/jasm1.com\\\/en\\\/#\\\/schema\\\/person\\\/586aa00ccbb7789fc6157b723cd017d9\",\"name\":\"Issam Rezgui\",\"pronouns\":\"il\\\/lui\",\"image\":{\"@type\":\"ImageObject\",\"inLanguage\":\"en-US\",\"@id\":\"https:\\\/\\\/jasm1.com\\\/wp-content\\\/uploads\\\/2026\\\/05\\\/logo-jasm-one-web-scaled.png\",\"url\":\"https:\\\/\\\/jasm1.com\\\/wp-content\\\/uploads\\\/2026\\\/05\\\/logo-jasm-one-web-scaled.png\",\"contentUrl\":\"https:\\\/\\\/jasm1.com\\\/wp-content\\\/uploads\\\/2026\\\/05\\\/logo-jasm-one-web-scaled.png\",\"width\":2560,\"height\":385,\"caption\":\"Issam Rezgui\"},\"logo\":{\"@id\":\"https:\\\/\\\/jasm1.com\\\/wp-content\\\/uploads\\\/2026\\\/05\\\/logo-jasm-one-web-scaled.png\"},\"description\":\"Jasm One (Issam Rezgui) est un artiste contemporain suisse-tunisien n\u00e9 \u00e0 Gen\u00e8ve en 1983. Sa pratique \u2014 peinture, graffiti, installation, intervention urbaine \u00e0 grande \u00e9chelle \u2014 agit directement sur la perception, les lieux et la m\u00e9moire. Fondateur d'Art Valais OPEN AIR MUSEUM, l'un des plus vastes mus\u00e9es d'art urbain \u00e0 ciel ouvert au monde.\",\"sameAs\":[\"https:\\\/\\\/jasm1.com\",\"https:\\\/\\\/www.facebook.com\\\/jasm1official\",\"https:\\\/\\\/www.instagram.com\\\/jasm_one\\\/\",\"https:\\\/\\\/www.linkedin.com\\\/in\\\/issamrezgui\\\/\",\"https:\\\/\\\/ch.pinterest.com\\\/jasm_one\",\"https:\\\/\\\/www.youtube.com\\\/@JasmOne\"]}]}<\/script>\n<!-- \/ Yoast SEO plugin. -->","yoast_head_json":{"title":"Jasm One - Contemporary artist","description":"Jasm One (Issam Rezgui), contemporary artist based in Lausanne. Painting, installation, frescoes - founder of Art Valais Open Air Museum.","robots":{"index":"index","follow":"follow","max-snippet":"max-snippet:-1","max-image-preview":"max-image-preview:large","max-video-preview":"max-video-preview:-1"},"canonical":"https:\/\/jasm1.com\/en\/","og_locale":"en_US","og_type":"article","og_title":"Jasm One - Contemporary artist","og_description":"Jasm One (Issam Rezgui), contemporary artist based in Lausanne. Painting, installation, frescoes - founder of Art Valais Open Air Museum.","og_url":"https:\/\/jasm1.com\/en\/","og_site_name":"jasm1.com","article_publisher":"https:\/\/www.facebook.com\/jasm1official","article_modified_time":"2026-05-12T07:04:17+00:00","og_image":[{"width":1920,"height":1080,"url":"https:\/\/jasm1.com\/wp-content\/uploads\/2026\/05\/hero-1920x1080px-theline-panorama-part-6-t.jpg","type":"image\/jpeg"}],"twitter_card":"summary_large_image","schema":{"@context":"https:\/\/schema.org","@graph":[{"@type":"WebPage","@id":"https:\/\/jasm1.com\/en\/","url":"https:\/\/jasm1.com\/en\/","name":"Jasm One - Contemporary artist","isPartOf":{"@id":"https:\/\/jasm1.com\/en\/#website"},"primaryImageOfPage":{"@id":"https:\/\/jasm1.com\/en\/#primaryimage"},"image":{"@id":"https:\/\/jasm1.com\/en\/#primaryimage"},"thumbnailUrl":"https:\/\/jasm1.com\/wp-content\/uploads\/2026\/05\/hero-1920x1080px-theline-panorama-part-6-t.jpg","datePublished":"2024-01-15T00:54:24+00:00","dateModified":"2026-05-12T07:04:17+00:00","description":"Jasm One (Issam Rezgui), contemporary artist based in Lausanne. Painting, installation, frescoes - founder of Art Valais Open Air Museum.","breadcrumb":{"@id":"https:\/\/jasm1.com\/en\/#breadcrumb"},"inLanguage":"en-US","potentialAction":[{"@type":"ReadAction","target":["https:\/\/jasm1.com\/en\/"]}]},{"@type":"ImageObject","inLanguage":"en-US","@id":"https:\/\/jasm1.com\/en\/#primaryimage","url":"https:\/\/jasm1.com\/wp-content\/uploads\/2026\/05\/hero-1920x1080px-theline-panorama-part-6-t.jpg","contentUrl":"https:\/\/jasm1.com\/wp-content\/uploads\/2026\/05\/hero-1920x1080px-theline-panorama-part-6-t.jpg","width":1920,"height":1080,"caption":"The Line, monumental work -fragement"},{"@type":"BreadcrumbList","@id":"https:\/\/jasm1.com\/en\/#breadcrumb","itemListElement":[{"@type":"ListItem","position":1,"name":"Accueil","item":"https:\/\/jasm1.com\/en\/"},{"@type":"ListItem","position":2,"name":"Home"}]},{"@type":"WebSite","@id":"https:\/\/jasm1.com\/en\/#website","url":"https:\/\/jasm1.com\/en\/","name":"Jasm One","description":"Jasm One \u2014 Artist","publisher":{"@id":"https:\/\/jasm1.com\/en\/#\/schema\/person\/586aa00ccbb7789fc6157b723cd017d9"},"potentialAction":[{"@type":"SearchAction","target":{"@type":"EntryPoint","urlTemplate":"https:\/\/jasm1.com\/en\/?s={search_term_string}"},"query-input":{"@type":"PropertyValueSpecification","valueRequired":true,"valueName":"search_term_string"}}],"inLanguage":"en-US"},{"@type":["Person","Organization"],"@id":"https:\/\/jasm1.com\/en\/#\/schema\/person\/586aa00ccbb7789fc6157b723cd017d9","name":"Issam Rezgui","pronouns":"il\/lui","image":{"@type":"ImageObject","inLanguage":"en-US","@id":"https:\/\/jasm1.com\/wp-content\/uploads\/2026\/05\/logo-jasm-one-web-scaled.png","url":"https:\/\/jasm1.com\/wp-content\/uploads\/2026\/05\/logo-jasm-one-web-scaled.png","contentUrl":"https:\/\/jasm1.com\/wp-content\/uploads\/2026\/05\/logo-jasm-one-web-scaled.png","width":2560,"height":385,"caption":"Issam Rezgui"},"logo":{"@id":"https:\/\/jasm1.com\/wp-content\/uploads\/2026\/05\/logo-jasm-one-web-scaled.png"},"description":"Jasm One (Issam Rezgui) est un artiste contemporain suisse-tunisien n\u00e9 \u00e0 Gen\u00e8ve en 1983. Sa pratique \u2014 peinture, graffiti, installation, intervention urbaine \u00e0 grande \u00e9chelle \u2014 agit directement sur la perception, les lieux et la m\u00e9moire. Fondateur d'Art Valais OPEN AIR MUSEUM, l'un des plus vastes mus\u00e9es d'art urbain \u00e0 ciel ouvert au monde.","sameAs":["https:\/\/jasm1.com","https:\/\/www.facebook.com\/jasm1official","https:\/\/www.instagram.com\/jasm_one\/","https:\/\/www.linkedin.com\/in\/issamrezgui\/","https:\/\/ch.pinterest.com\/jasm_one","https:\/\/www.youtube.com\/@JasmOne"]}]}},"_links":{"self":[{"href":"https:\/\/jasm1.com\/en\/wp-json\/wp\/v2\/pages\/4779","targetHints":{"allow":["GET"]}}],"collection":[{"href":"https:\/\/jasm1.com\/en\/wp-json\/wp\/v2\/pages"}],"about":[{"href":"https:\/\/jasm1.com\/en\/wp-json\/wp\/v2\/types\/page"}],"author":[{"embeddable":true,"href":"https:\/\/jasm1.com\/en\/wp-json\/wp\/v2\/users\/1"}],"replies":[{"embeddable":true,"href":"https:\/\/jasm1.com\/en\/wp-json\/wp\/v2\/comments?post=4779"}],"version-history":[{"count":1,"href":"https:\/\/jasm1.com\/en\/wp-json\/wp\/v2\/pages\/4779\/revisions"}],"predecessor-version":[{"id":4780,"href":"https:\/\/jasm1.com\/en\/wp-json\/wp\/v2\/pages\/4779\/revisions\/4780"}],"wp:featuredmedia":[{"embeddable":true,"href":"https:\/\/jasm1.com\/en\/wp-json\/wp\/v2\/media\/3941"}],"wp:attachment":[{"href":"https:\/\/jasm1.com\/en\/wp-json\/wp\/v2\/media?parent=4779"}],"curies":[{"name":"wp","href":"https:\/\/api.w.org\/{rel}","templated":true}]}}