{"id":4847,"date":"2026-05-07T00:09:32","date_gmt":"2026-05-06T22:09:32","guid":{"rendered":"https:\/\/jasm1.com\/credits\/"},"modified":"2026-05-12T09:56:54","modified_gmt":"2026-05-12T07:56:54","slug":"credits","status":"publish","type":"page","link":"https:\/\/jasm1.com\/en\/credits\/","title":{"rendered":"Credits"},"content":{"rendered":"<style>.kb-row-layout-id4309_7f8a0a-64 > .kt-row-column-wrap{align-content:start;}:where(.kb-row-layout-id4309_7f8a0a-64 > .kt-row-column-wrap) > .wp-block-kadence-column{justify-content:start;}.kb-row-layout-id4309_7f8a0a-64 > .kt-row-column-wrap{column-gap:var(--global-kb-gap-md, 2rem);row-gap:var(--global-kb-gap-md, 2rem);max-width:50%;margin-left:auto;margin-right:auto;padding-top:var(--global-kb-spacing-sm, 1.5rem);padding-bottom:var(--global-kb-spacing-sm, 1.5rem);grid-template-columns:minmax(0, 1fr);}.kb-row-layout-id4309_7f8a0a-64 > .kt-row-layout-overlay{opacity:0.30;}@media all and (max-width: 1024px){.kb-row-layout-id4309_7f8a0a-64 > .kt-row-column-wrap{max-width:65%;margin-left:auto;margin-right:auto;grid-template-columns:minmax(0, 1fr);}}@media all and (max-width: 767px){.kb-row-layout-id4309_7f8a0a-64 > .kt-row-column-wrap{max-width:80%;margin-left:auto;margin-right:auto;grid-template-columns:minmax(0, 1fr);}}<\/style><div class=\"kb-row-layout-wrap kb-row-layout-id4309_7f8a0a-64 alignnone wp-block-kadence-rowlayout\"><div class=\"kt-row-column-wrap kt-has-1-columns kt-row-layout-equal kt-tab-layout-inherit kt-mobile-layout-row kt-row-valign-top\">\n<style>.kadence-column4309_d62444-0d > .kt-inside-inner-col,.kadence-column4309_d62444-0d > .kt-inside-inner-col:before{border-top-left-radius:0px;border-top-right-radius:0px;border-bottom-right-radius:0px;border-bottom-left-radius:0px;}.kadence-column4309_d62444-0d > .kt-inside-inner-col{column-gap:var(--global-kb-gap-sm, 1rem);}.kadence-column4309_d62444-0d > .kt-inside-inner-col{flex-direction:column;}.kadence-column4309_d62444-0d > .kt-inside-inner-col > .aligncenter{width:100%;}.kadence-column4309_d62444-0d > .kt-inside-inner-col:before{opacity:0.3;}.kadence-column4309_d62444-0d{position:relative;}@media all and (max-width: 1024px){.kadence-column4309_d62444-0d > .kt-inside-inner-col{flex-direction:column;justify-content:center;}}@media all and (max-width: 767px){.kadence-column4309_d62444-0d > .kt-inside-inner-col{flex-direction:column;justify-content:center;}}<\/style>\n<div class=\"wp-block-kadence-column kadence-column4309_d62444-0d\"><div class=\"kt-inside-inner-col\">\n<h1 class=\"wp-block-heading\">Credits<\/h1>\n\n\n\n<p>This website documents twenty years of artistic practice. It was made possible through the work and commitment of the people who accompanied the development of the work. <\/p>\n\n\n\n<div style=\"height:5em\" aria-hidden=\"true\" class=\"wp-block-spacer\"><\/div>\n\n\n\n<h4 class=\"wp-block-heading\" style=\"margin-top:0;margin-right:0;margin-bottom:0;margin-left:0;padding-top:0;padding-right:0;padding-bottom:0;padding-left:0;line-height:0\"><strong>Photographs<\/strong><\/h4>\n\n\n\n<p style=\"margin-top:0;margin-right:0;margin-bottom:0;margin-left:0;padding-top:0;padding-right:0;padding-bottom:0;padding-left:0\"><br\/>Jasm One \/ Issam Rezgui, Thierry Sermier, Aleiko Studio.<\/p>\n\n\n\n<h4 class=\"wp-block-heading\"><strong>Videos<\/strong><\/h4>\n\n\n\n<p>Jasm One \/ Issam Rezgui, Luc Godonou Dossou \/ SWIZZ AUDIOVISUAL, Aleiko Studio, Jorge Cardoso<\/p>\n\n\n\n<p class=\"has-medium-font-size\">The videos related to the Art Valais OPEN AIR MUSEUM project are the property of Art Valais Wallis.<\/p>\n\n\n\n<h4 class=\"wp-block-heading\"><strong>Legal Notice<\/strong><\/h4>\n\n\n\n<p>Jasm One \/ Issam Rezgui<br\/>Switzerland<br\/>hello@jasm1.com<\/p>\n\n\n\n<p class=\"has-medium-font-size\">All rights reserved. Any reproduction, including partial reproduction, of the artworks, images or content featured on this website is prohibited without prior authorization. For any request, please contact hello@jasm1.com.  <\/p>\n<\/div><\/div>\n\n<\/div><\/div>","protected":false},"excerpt":{"rendered":"<p>Credits This website documents twenty years of artistic practice. It was made possible through the work and commitment of the people who accompanied the development of the work. Photographs Jasm One \/ Issam Rezgui, Thierry Sermier, Aleiko Studio. Videos Jasm One \/ Issam Rezgui, Luc Godonou Dossou \/ SWIZZ AUDIOVISUAL, Aleiko Studio, Jorge Cardoso The&#8230;<\/p>\n","protected":false},"author":1,"featured_media":0,"parent":0,"menu_order":0,"comment_status":"closed","ping_status":"closed","template":"","meta":{"_acf_changed":false,"_kad_post_transparent":"","_kad_post_title":"","_kad_post_layout":"","_kad_post_sidebar_id":"","_kad_post_content_style":"","_kad_post_vertical_padding":"","_kad_post_feature":"","_kad_post_feature_position":"","_kad_post_header":false,"_kad_post_footer":false,"_kad_post_classname":"","footnotes":""},"class_list":["post-4847","page","type-page","status-publish","hentry"],"acf":[],"yoast_head":"<!-- This site is optimized with the Yoast SEO plugin v27.5 - https:\/\/yoast.com\/product\/yoast-seo-wordpress\/ -->\n<title>Credits - jasm1.com<\/title>\n<meta name=\"robots\" content=\"index, follow, max-snippet:-1, max-image-preview:large, max-video-preview:-1\" \/>\n<link rel=\"canonical\" href=\"https:\/\/jasm1.com\/en\/credits\/\" \/>\n<meta property=\"og:locale\" content=\"en_US\" \/>\n<meta property=\"og:type\" content=\"article\" \/>\n<meta property=\"og:title\" content=\"Credits - jasm1.com\" \/>\n<meta property=\"og:description\" content=\"Credits This website documents twenty years of artistic practice. It was made possible through the work and commitment of the people who accompanied the development of the work. Photographs Jasm One \/ Issam Rezgui, Thierry Sermier, Aleiko Studio. Videos Jasm One \/ Issam Rezgui, Luc Godonou Dossou \/ SWIZZ AUDIOVISUAL, Aleiko Studio, Jorge Cardoso The...\" \/>\n<meta property=\"og:url\" content=\"https:\/\/jasm1.com\/en\/credits\/\" \/>\n<meta property=\"og:site_name\" content=\"jasm1.com\" \/>\n<meta property=\"article:publisher\" content=\"https:\/\/www.facebook.com\/jasm1official\" \/>\n<meta property=\"article:modified_time\" content=\"2026-05-12T07:56:54+00:00\" \/>\n<meta name=\"twitter:card\" content=\"summary_large_image\" \/>\n<meta name=\"twitter:label1\" content=\"Est. reading time\" \/>\n\t<meta name=\"twitter:data1\" content=\"1 minute\" \/>\n<script type=\"application\/ld+json\" class=\"yoast-schema-graph\">{\"@context\":\"https:\\\/\\\/schema.org\",\"@graph\":[{\"@type\":\"WebPage\",\"@id\":\"https:\\\/\\\/jasm1.com\\\/en\\\/credits\\\/\",\"url\":\"https:\\\/\\\/jasm1.com\\\/en\\\/credits\\\/\",\"name\":\"Credits - jasm1.com\",\"isPartOf\":{\"@id\":\"https:\\\/\\\/jasm1.com\\\/en\\\/#website\"},\"datePublished\":\"2026-05-06T22:09:32+00:00\",\"dateModified\":\"2026-05-12T07:56:54+00:00\",\"breadcrumb\":{\"@id\":\"https:\\\/\\\/jasm1.com\\\/en\\\/credits\\\/#breadcrumb\"},\"inLanguage\":\"en-US\",\"potentialAction\":[{\"@type\":\"ReadAction\",\"target\":[\"https:\\\/\\\/jasm1.com\\\/en\\\/credits\\\/\"]}]},{\"@type\":\"BreadcrumbList\",\"@id\":\"https:\\\/\\\/jasm1.com\\\/en\\\/credits\\\/#breadcrumb\",\"itemListElement\":[{\"@type\":\"ListItem\",\"position\":1,\"name\":\"Accueil\",\"item\":\"https:\\\/\\\/jasm1.com\\\/en\\\/\"},{\"@type\":\"ListItem\",\"position\":2,\"name\":\"Credits\"}]},{\"@type\":\"WebSite\",\"@id\":\"https:\\\/\\\/jasm1.com\\\/en\\\/#website\",\"url\":\"https:\\\/\\\/jasm1.com\\\/en\\\/\",\"name\":\"Jasm One\",\"description\":\"Jasm One \u2014 Artist\",\"publisher\":{\"@id\":\"https:\\\/\\\/jasm1.com\\\/en\\\/#\\\/schema\\\/person\\\/586aa00ccbb7789fc6157b723cd017d9\"},\"potentialAction\":[{\"@type\":\"SearchAction\",\"target\":{\"@type\":\"EntryPoint\",\"urlTemplate\":\"https:\\\/\\\/jasm1.com\\\/en\\\/?s={search_term_string}\"},\"query-input\":{\"@type\":\"PropertyValueSpecification\",\"valueRequired\":true,\"valueName\":\"search_term_string\"}}],\"inLanguage\":\"en-US\"},{\"@type\":[\"Person\",\"Organization\"],\"@id\":\"https:\\\/\\\/jasm1.com\\\/en\\\/#\\\/schema\\\/person\\\/586aa00ccbb7789fc6157b723cd017d9\",\"name\":\"Issam Rezgui\",\"pronouns\":\"il\\\/lui\",\"image\":{\"@type\":\"ImageObject\",\"inLanguage\":\"en-US\",\"@id\":\"https:\\\/\\\/jasm1.com\\\/wp-content\\\/uploads\\\/2026\\\/05\\\/logo-jasm-one-web-scaled.png\",\"url\":\"https:\\\/\\\/jasm1.com\\\/wp-content\\\/uploads\\\/2026\\\/05\\\/logo-jasm-one-web-scaled.png\",\"contentUrl\":\"https:\\\/\\\/jasm1.com\\\/wp-content\\\/uploads\\\/2026\\\/05\\\/logo-jasm-one-web-scaled.png\",\"width\":2560,\"height\":385,\"caption\":\"Issam Rezgui\"},\"logo\":{\"@id\":\"https:\\\/\\\/jasm1.com\\\/wp-content\\\/uploads\\\/2026\\\/05\\\/logo-jasm-one-web-scaled.png\"},\"description\":\"Jasm One (Issam Rezgui) est un artiste contemporain suisse-tunisien n\u00e9 \u00e0 Gen\u00e8ve en 1983. Sa pratique \u2014 peinture, graffiti, installation, intervention urbaine \u00e0 grande \u00e9chelle \u2014 agit directement sur la perception, les lieux et la m\u00e9moire. Fondateur d'Art Valais OPEN AIR MUSEUM, l'un des plus vastes mus\u00e9es d'art urbain \u00e0 ciel ouvert au monde.\",\"sameAs\":[\"https:\\\/\\\/jasm1.com\",\"https:\\\/\\\/www.facebook.com\\\/jasm1official\",\"https:\\\/\\\/www.instagram.com\\\/jasm_one\\\/\",\"https:\\\/\\\/www.linkedin.com\\\/in\\\/issamrezgui\\\/\",\"https:\\\/\\\/ch.pinterest.com\\\/jasm_one\",\"https:\\\/\\\/www.youtube.com\\\/@JasmOne\"]}]}<\/script>\n<!-- \/ Yoast SEO plugin. -->","yoast_head_json":{"title":"Credits - jasm1.com","robots":{"index":"index","follow":"follow","max-snippet":"max-snippet:-1","max-image-preview":"max-image-preview:large","max-video-preview":"max-video-preview:-1"},"canonical":"https:\/\/jasm1.com\/en\/credits\/","og_locale":"en_US","og_type":"article","og_title":"Credits - jasm1.com","og_description":"Credits This website documents twenty years of artistic practice. It was made possible through the work and commitment of the people who accompanied the development of the work. Photographs Jasm One \/ Issam Rezgui, Thierry Sermier, Aleiko Studio. Videos Jasm One \/ Issam Rezgui, Luc Godonou Dossou \/ SWIZZ AUDIOVISUAL, Aleiko Studio, Jorge Cardoso The...","og_url":"https:\/\/jasm1.com\/en\/credits\/","og_site_name":"jasm1.com","article_publisher":"https:\/\/www.facebook.com\/jasm1official","article_modified_time":"2026-05-12T07:56:54+00:00","twitter_card":"summary_large_image","twitter_misc":{"Est. reading time":"1 minute"},"schema":{"@context":"https:\/\/schema.org","@graph":[{"@type":"WebPage","@id":"https:\/\/jasm1.com\/en\/credits\/","url":"https:\/\/jasm1.com\/en\/credits\/","name":"Credits - jasm1.com","isPartOf":{"@id":"https:\/\/jasm1.com\/en\/#website"},"datePublished":"2026-05-06T22:09:32+00:00","dateModified":"2026-05-12T07:56:54+00:00","breadcrumb":{"@id":"https:\/\/jasm1.com\/en\/credits\/#breadcrumb"},"inLanguage":"en-US","potentialAction":[{"@type":"ReadAction","target":["https:\/\/jasm1.com\/en\/credits\/"]}]},{"@type":"BreadcrumbList","@id":"https:\/\/jasm1.com\/en\/credits\/#breadcrumb","itemListElement":[{"@type":"ListItem","position":1,"name":"Accueil","item":"https:\/\/jasm1.com\/en\/"},{"@type":"ListItem","position":2,"name":"Credits"}]},{"@type":"WebSite","@id":"https:\/\/jasm1.com\/en\/#website","url":"https:\/\/jasm1.com\/en\/","name":"Jasm One","description":"Jasm One \u2014 Artist","publisher":{"@id":"https:\/\/jasm1.com\/en\/#\/schema\/person\/586aa00ccbb7789fc6157b723cd017d9"},"potentialAction":[{"@type":"SearchAction","target":{"@type":"EntryPoint","urlTemplate":"https:\/\/jasm1.com\/en\/?s={search_term_string}"},"query-input":{"@type":"PropertyValueSpecification","valueRequired":true,"valueName":"search_term_string"}}],"inLanguage":"en-US"},{"@type":["Person","Organization"],"@id":"https:\/\/jasm1.com\/en\/#\/schema\/person\/586aa00ccbb7789fc6157b723cd017d9","name":"Issam Rezgui","pronouns":"il\/lui","image":{"@type":"ImageObject","inLanguage":"en-US","@id":"https:\/\/jasm1.com\/wp-content\/uploads\/2026\/05\/logo-jasm-one-web-scaled.png","url":"https:\/\/jasm1.com\/wp-content\/uploads\/2026\/05\/logo-jasm-one-web-scaled.png","contentUrl":"https:\/\/jasm1.com\/wp-content\/uploads\/2026\/05\/logo-jasm-one-web-scaled.png","width":2560,"height":385,"caption":"Issam Rezgui"},"logo":{"@id":"https:\/\/jasm1.com\/wp-content\/uploads\/2026\/05\/logo-jasm-one-web-scaled.png"},"description":"Jasm One (Issam Rezgui) est un artiste contemporain suisse-tunisien n\u00e9 \u00e0 Gen\u00e8ve en 1983. Sa pratique \u2014 peinture, graffiti, installation, intervention urbaine \u00e0 grande \u00e9chelle \u2014 agit directement sur la perception, les lieux et la m\u00e9moire. Fondateur d'Art Valais OPEN AIR MUSEUM, l'un des plus vastes mus\u00e9es d'art urbain \u00e0 ciel ouvert au monde.","sameAs":["https:\/\/jasm1.com","https:\/\/www.facebook.com\/jasm1official","https:\/\/www.instagram.com\/jasm_one\/","https:\/\/www.linkedin.com\/in\/issamrezgui\/","https:\/\/ch.pinterest.com\/jasm_one","https:\/\/www.youtube.com\/@JasmOne"]}]}},"_links":{"self":[{"href":"https:\/\/jasm1.com\/en\/wp-json\/wp\/v2\/pages\/4847","targetHints":{"allow":["GET"]}}],"collection":[{"href":"https:\/\/jasm1.com\/en\/wp-json\/wp\/v2\/pages"}],"about":[{"href":"https:\/\/jasm1.com\/en\/wp-json\/wp\/v2\/types\/page"}],"author":[{"embeddable":true,"href":"https:\/\/jasm1.com\/en\/wp-json\/wp\/v2\/users\/1"}],"replies":[{"embeddable":true,"href":"https:\/\/jasm1.com\/en\/wp-json\/wp\/v2\/comments?post=4847"}],"version-history":[{"count":3,"href":"https:\/\/jasm1.com\/en\/wp-json\/wp\/v2\/pages\/4847\/revisions"}],"predecessor-version":[{"id":4898,"href":"https:\/\/jasm1.com\/en\/wp-json\/wp\/v2\/pages\/4847\/revisions\/4898"}],"wp:attachment":[{"href":"https:\/\/jasm1.com\/en\/wp-json\/wp\/v2\/media?parent=4847"}],"curies":[{"name":"wp","href":"https:\/\/api.w.org\/{rel}","templated":true}]}}