{"id":4899,"date":"2026-05-03T22:48:01","date_gmt":"2026-05-03T20:48:01","guid":{"rendered":"https:\/\/jasm1.com\/approach\/"},"modified":"2026-05-12T10:01:14","modified_gmt":"2026-05-12T08:01:14","slug":"approach","status":"publish","type":"page","link":"https:\/\/jasm1.com\/en\/approach\/","title":{"rendered":"Approach"},"content":{"rendered":"<style>.kb-row-layout-id3911_abeac0-65 > .kt-row-column-wrap{align-content:start;}:where(.kb-row-layout-id3911_abeac0-65 > .kt-row-column-wrap) > .wp-block-kadence-column{justify-content:start;}.kb-row-layout-id3911_abeac0-65 > .kt-row-column-wrap{column-gap:var(--global-kb-gap-md, 2rem);row-gap:var(--global-kb-gap-md, 2rem);max-width:50%;margin-left:auto;margin-right:auto;padding-top:var(--global-kb-spacing-sm, 1.5rem);padding-bottom:var(--global-kb-spacing-sm, 1.5rem);grid-template-columns:minmax(0, 1fr);}.kb-row-layout-id3911_abeac0-65 > .kt-row-layout-overlay{opacity:0.30;}@media all and (max-width: 1024px){.kb-row-layout-id3911_abeac0-65 > .kt-row-column-wrap{max-width:65%;margin-left:auto;margin-right:auto;grid-template-columns:minmax(0, 1fr);}}@media all and (max-width: 767px){.kb-row-layout-id3911_abeac0-65 > .kt-row-column-wrap{max-width:80%;margin-left:auto;margin-right:auto;grid-template-columns:minmax(0, 1fr);}}<\/style><div class=\"kb-row-layout-wrap kb-row-layout-id3911_abeac0-65 alignnone wp-block-kadence-rowlayout\"><div class=\"kt-row-column-wrap kt-has-1-columns kt-row-layout-equal kt-tab-layout-inherit kt-mobile-layout-row kt-row-valign-top\">\n<style>.kadence-column3911_610b43-6b > .kt-inside-inner-col,.kadence-column3911_610b43-6b > .kt-inside-inner-col:before{border-top-left-radius:0px;border-top-right-radius:0px;border-bottom-right-radius:0px;border-bottom-left-radius:0px;}.kadence-column3911_610b43-6b > .kt-inside-inner-col{column-gap:var(--global-kb-gap-sm, 1rem);}.kadence-column3911_610b43-6b > .kt-inside-inner-col{flex-direction:column;}.kadence-column3911_610b43-6b > .kt-inside-inner-col > .aligncenter{width:100%;}.kadence-column3911_610b43-6b > .kt-inside-inner-col:before{opacity:0.3;}.kadence-column3911_610b43-6b{position:relative;}@media all and (max-width: 1024px){.kadence-column3911_610b43-6b > .kt-inside-inner-col{flex-direction:column;justify-content:center;}}@media all and (max-width: 767px){.kadence-column3911_610b43-6b > .kt-inside-inner-col{flex-direction:column;justify-content:center;}}<\/style>\n<div class=\"wp-block-kadence-column kadence-column3911_610b43-6b\"><div class=\"kt-inside-inner-col\">\n<h1 class=\"wp-block-heading\">Approach<\/h1>\n\n\n\n<p style=\"font-size:21px;font-style:normal;font-weight:500\">Jasm One\u2019s practice is grounded in a fundamental principle: an artwork is not defined by what it represents, but by what it produces.<\/p>\n\n\n\n<p>Each piece is conceived to act upon a situation. It introduces a structure \u2014 line, form, presence or device \u2014 that alters an initial state and generates an identifiable effect.<\/p>\n\n\n\n<p>This mechanism remains constant.<br\/>A structure is introduced,<br\/>it engages an experience,<br\/>that experience produces an effect.<\/p>\n\n\n\n<p>This effect can operate on multiple levels.<br\/>It can transform perception by structuring the gaze or creating a point of tension.<br\/>It can modify a relation to space by orienting a trajectory or redefining a reading.<br\/>It can also act upon uses and dynamics when the intervention extends to a larger scale.<\/p>\n\n\n\n<p>An artwork functions when it produces an effect that imposes itself.<br\/>It captures, organizes, constrains or displaces \u2014 until it modifies the way a situation is perceived, experienced or used.<\/p>\n\n\n\n<p>This principle unfolds across different scales.<br\/>An autonomous artwork acts upon the relation to the image.<br\/>An artwork embedded within a space acts upon the way that space is perceived and traversed.<br\/>A group of artworks can structure relationships, flows and uses at the scale of a territory.<\/p>\n\n\n\n<p>Narrative may be present. It provides an entry point into the artwork.<br\/>But it is not its central stake.<\/p>\n\n\n\n<p>An artwork becomes effective when it reaches a tipping point:<br\/>the moment when a perception, a behavior or a situation can no longer be apprehended in the same way.<\/p>\n\n\n\n<p>The approach consists in reaching this point with precision, by mobilizing the minimum number of necessary elements.<br\/>The point where an artwork no longer simply exists, but acts.<\/p>\n<\/div><\/div>\n\n<\/div><\/div>","protected":false},"excerpt":{"rendered":"<p>Approach Jasm One\u2019s practice is grounded in a fundamental principle: an artwork is not defined by what it represents, but by what it produces. Each piece is conceived to act upon a situation. It introduces a structure \u2014 line, form, presence or device \u2014 that alters an initial state and generates an identifiable effect. This&#8230;<\/p>\n","protected":false},"author":1,"featured_media":0,"parent":0,"menu_order":0,"comment_status":"closed","ping_status":"closed","template":"","meta":{"_acf_changed":false,"_kad_post_transparent":"","_kad_post_title":"","_kad_post_layout":"","_kad_post_sidebar_id":"","_kad_post_content_style":"","_kad_post_vertical_padding":"","_kad_post_feature":"","_kad_post_feature_position":"","_kad_post_header":false,"_kad_post_footer":false,"_kad_post_classname":"","footnotes":""},"class_list":["post-4899","page","type-page","status-publish","hentry"],"acf":[],"yoast_head":"<!-- This site is optimized with the Yoast SEO plugin v27.5 - https:\/\/yoast.com\/product\/yoast-seo-wordpress\/ -->\n<title>Approach - jasm1.com<\/title>\n<meta name=\"robots\" content=\"index, follow, max-snippet:-1, max-image-preview:large, max-video-preview:-1\" \/>\n<link rel=\"canonical\" href=\"https:\/\/jasm1.com\/en\/approach\/\" \/>\n<meta property=\"og:locale\" content=\"en_US\" \/>\n<meta property=\"og:type\" content=\"article\" \/>\n<meta property=\"og:title\" content=\"Approach - jasm1.com\" \/>\n<meta property=\"og:description\" content=\"Approach Jasm One\u2019s practice is grounded in a fundamental principle: an artwork is not defined by what it represents, but by what it produces. Each piece is conceived to act upon a situation. It introduces a structure \u2014 line, form, presence or device \u2014 that alters an initial state and generates an identifiable effect. This...\" \/>\n<meta property=\"og:url\" content=\"https:\/\/jasm1.com\/en\/approach\/\" \/>\n<meta property=\"og:site_name\" content=\"jasm1.com\" \/>\n<meta property=\"article:publisher\" content=\"https:\/\/www.facebook.com\/jasm1official\" \/>\n<meta property=\"article:modified_time\" content=\"2026-05-12T08:01:14+00:00\" \/>\n<meta name=\"twitter:card\" content=\"summary_large_image\" \/>\n<meta name=\"twitter:label1\" content=\"Est. reading time\" \/>\n\t<meta name=\"twitter:data1\" content=\"1 minute\" \/>\n<script type=\"application\/ld+json\" class=\"yoast-schema-graph\">{\"@context\":\"https:\\\/\\\/schema.org\",\"@graph\":[{\"@type\":\"WebPage\",\"@id\":\"https:\\\/\\\/jasm1.com\\\/en\\\/approach\\\/\",\"url\":\"https:\\\/\\\/jasm1.com\\\/en\\\/approach\\\/\",\"name\":\"Approach - jasm1.com\",\"isPartOf\":{\"@id\":\"https:\\\/\\\/jasm1.com\\\/en\\\/#website\"},\"datePublished\":\"2026-05-03T20:48:01+00:00\",\"dateModified\":\"2026-05-12T08:01:14+00:00\",\"breadcrumb\":{\"@id\":\"https:\\\/\\\/jasm1.com\\\/en\\\/approach\\\/#breadcrumb\"},\"inLanguage\":\"en-US\",\"potentialAction\":[{\"@type\":\"ReadAction\",\"target\":[\"https:\\\/\\\/jasm1.com\\\/en\\\/approach\\\/\"]}]},{\"@type\":\"BreadcrumbList\",\"@id\":\"https:\\\/\\\/jasm1.com\\\/en\\\/approach\\\/#breadcrumb\",\"itemListElement\":[{\"@type\":\"ListItem\",\"position\":1,\"name\":\"Accueil\",\"item\":\"https:\\\/\\\/jasm1.com\\\/en\\\/\"},{\"@type\":\"ListItem\",\"position\":2,\"name\":\"Approach\"}]},{\"@type\":\"WebSite\",\"@id\":\"https:\\\/\\\/jasm1.com\\\/en\\\/#website\",\"url\":\"https:\\\/\\\/jasm1.com\\\/en\\\/\",\"name\":\"Jasm One\",\"description\":\"Jasm One \u2014 Artist\",\"publisher\":{\"@id\":\"https:\\\/\\\/jasm1.com\\\/en\\\/#\\\/schema\\\/person\\\/586aa00ccbb7789fc6157b723cd017d9\"},\"potentialAction\":[{\"@type\":\"SearchAction\",\"target\":{\"@type\":\"EntryPoint\",\"urlTemplate\":\"https:\\\/\\\/jasm1.com\\\/en\\\/?s={search_term_string}\"},\"query-input\":{\"@type\":\"PropertyValueSpecification\",\"valueRequired\":true,\"valueName\":\"search_term_string\"}}],\"inLanguage\":\"en-US\"},{\"@type\":[\"Person\",\"Organization\"],\"@id\":\"https:\\\/\\\/jasm1.com\\\/en\\\/#\\\/schema\\\/person\\\/586aa00ccbb7789fc6157b723cd017d9\",\"name\":\"Issam Rezgui\",\"pronouns\":\"il\\\/lui\",\"image\":{\"@type\":\"ImageObject\",\"inLanguage\":\"en-US\",\"@id\":\"https:\\\/\\\/jasm1.com\\\/wp-content\\\/uploads\\\/2026\\\/05\\\/logo-jasm-one-web-scaled.png\",\"url\":\"https:\\\/\\\/jasm1.com\\\/wp-content\\\/uploads\\\/2026\\\/05\\\/logo-jasm-one-web-scaled.png\",\"contentUrl\":\"https:\\\/\\\/jasm1.com\\\/wp-content\\\/uploads\\\/2026\\\/05\\\/logo-jasm-one-web-scaled.png\",\"width\":2560,\"height\":385,\"caption\":\"Issam Rezgui\"},\"logo\":{\"@id\":\"https:\\\/\\\/jasm1.com\\\/wp-content\\\/uploads\\\/2026\\\/05\\\/logo-jasm-one-web-scaled.png\"},\"description\":\"Jasm One (Issam Rezgui) est un artiste contemporain suisse-tunisien n\u00e9 \u00e0 Gen\u00e8ve en 1983. Sa pratique \u2014 peinture, graffiti, installation, intervention urbaine \u00e0 grande \u00e9chelle \u2014 agit directement sur la perception, les lieux et la m\u00e9moire. Fondateur d'Art Valais OPEN AIR MUSEUM, l'un des plus vastes mus\u00e9es d'art urbain \u00e0 ciel ouvert au monde.\",\"sameAs\":[\"https:\\\/\\\/jasm1.com\",\"https:\\\/\\\/www.facebook.com\\\/jasm1official\",\"https:\\\/\\\/www.instagram.com\\\/jasm_one\\\/\",\"https:\\\/\\\/www.linkedin.com\\\/in\\\/issamrezgui\\\/\",\"https:\\\/\\\/ch.pinterest.com\\\/jasm_one\",\"https:\\\/\\\/www.youtube.com\\\/@JasmOne\"]}]}<\/script>\n<!-- \/ Yoast SEO plugin. -->","yoast_head_json":{"title":"Approach - jasm1.com","robots":{"index":"index","follow":"follow","max-snippet":"max-snippet:-1","max-image-preview":"max-image-preview:large","max-video-preview":"max-video-preview:-1"},"canonical":"https:\/\/jasm1.com\/en\/approach\/","og_locale":"en_US","og_type":"article","og_title":"Approach - jasm1.com","og_description":"Approach Jasm One\u2019s practice is grounded in a fundamental principle: an artwork is not defined by what it represents, but by what it produces. Each piece is conceived to act upon a situation. It introduces a structure \u2014 line, form, presence or device \u2014 that alters an initial state and generates an identifiable effect. This...","og_url":"https:\/\/jasm1.com\/en\/approach\/","og_site_name":"jasm1.com","article_publisher":"https:\/\/www.facebook.com\/jasm1official","article_modified_time":"2026-05-12T08:01:14+00:00","twitter_card":"summary_large_image","twitter_misc":{"Est. reading time":"1 minute"},"schema":{"@context":"https:\/\/schema.org","@graph":[{"@type":"WebPage","@id":"https:\/\/jasm1.com\/en\/approach\/","url":"https:\/\/jasm1.com\/en\/approach\/","name":"Approach - jasm1.com","isPartOf":{"@id":"https:\/\/jasm1.com\/en\/#website"},"datePublished":"2026-05-03T20:48:01+00:00","dateModified":"2026-05-12T08:01:14+00:00","breadcrumb":{"@id":"https:\/\/jasm1.com\/en\/approach\/#breadcrumb"},"inLanguage":"en-US","potentialAction":[{"@type":"ReadAction","target":["https:\/\/jasm1.com\/en\/approach\/"]}]},{"@type":"BreadcrumbList","@id":"https:\/\/jasm1.com\/en\/approach\/#breadcrumb","itemListElement":[{"@type":"ListItem","position":1,"name":"Accueil","item":"https:\/\/jasm1.com\/en\/"},{"@type":"ListItem","position":2,"name":"Approach"}]},{"@type":"WebSite","@id":"https:\/\/jasm1.com\/en\/#website","url":"https:\/\/jasm1.com\/en\/","name":"Jasm One","description":"Jasm One \u2014 Artist","publisher":{"@id":"https:\/\/jasm1.com\/en\/#\/schema\/person\/586aa00ccbb7789fc6157b723cd017d9"},"potentialAction":[{"@type":"SearchAction","target":{"@type":"EntryPoint","urlTemplate":"https:\/\/jasm1.com\/en\/?s={search_term_string}"},"query-input":{"@type":"PropertyValueSpecification","valueRequired":true,"valueName":"search_term_string"}}],"inLanguage":"en-US"},{"@type":["Person","Organization"],"@id":"https:\/\/jasm1.com\/en\/#\/schema\/person\/586aa00ccbb7789fc6157b723cd017d9","name":"Issam Rezgui","pronouns":"il\/lui","image":{"@type":"ImageObject","inLanguage":"en-US","@id":"https:\/\/jasm1.com\/wp-content\/uploads\/2026\/05\/logo-jasm-one-web-scaled.png","url":"https:\/\/jasm1.com\/wp-content\/uploads\/2026\/05\/logo-jasm-one-web-scaled.png","contentUrl":"https:\/\/jasm1.com\/wp-content\/uploads\/2026\/05\/logo-jasm-one-web-scaled.png","width":2560,"height":385,"caption":"Issam Rezgui"},"logo":{"@id":"https:\/\/jasm1.com\/wp-content\/uploads\/2026\/05\/logo-jasm-one-web-scaled.png"},"description":"Jasm One (Issam Rezgui) est un artiste contemporain suisse-tunisien n\u00e9 \u00e0 Gen\u00e8ve en 1983. Sa pratique \u2014 peinture, graffiti, installation, intervention urbaine \u00e0 grande \u00e9chelle \u2014 agit directement sur la perception, les lieux et la m\u00e9moire. Fondateur d'Art Valais OPEN AIR MUSEUM, l'un des plus vastes mus\u00e9es d'art urbain \u00e0 ciel ouvert au monde.","sameAs":["https:\/\/jasm1.com","https:\/\/www.facebook.com\/jasm1official","https:\/\/www.instagram.com\/jasm_one\/","https:\/\/www.linkedin.com\/in\/issamrezgui\/","https:\/\/ch.pinterest.com\/jasm_one","https:\/\/www.youtube.com\/@JasmOne"]}]}},"_links":{"self":[{"href":"https:\/\/jasm1.com\/en\/wp-json\/wp\/v2\/pages\/4899","targetHints":{"allow":["GET"]}}],"collection":[{"href":"https:\/\/jasm1.com\/en\/wp-json\/wp\/v2\/pages"}],"about":[{"href":"https:\/\/jasm1.com\/en\/wp-json\/wp\/v2\/types\/page"}],"author":[{"embeddable":true,"href":"https:\/\/jasm1.com\/en\/wp-json\/wp\/v2\/users\/1"}],"replies":[{"embeddable":true,"href":"https:\/\/jasm1.com\/en\/wp-json\/wp\/v2\/comments?post=4899"}],"version-history":[{"count":1,"href":"https:\/\/jasm1.com\/en\/wp-json\/wp\/v2\/pages\/4899\/revisions"}],"predecessor-version":[{"id":4900,"href":"https:\/\/jasm1.com\/en\/wp-json\/wp\/v2\/pages\/4899\/revisions\/4900"}],"wp:attachment":[{"href":"https:\/\/jasm1.com\/en\/wp-json\/wp\/v2\/media?parent=4899"}],"curies":[{"name":"wp","href":"https:\/\/api.w.org\/{rel}","templated":true}]}}