{"id":4918,"date":"2026-05-03T22:48:39","date_gmt":"2026-05-03T20:48:39","guid":{"rendered":"https:\/\/jasm1.com\/contact\/"},"modified":"2026-05-12T10:23:25","modified_gmt":"2026-05-12T08:23:25","slug":"contact","status":"publish","type":"page","link":"https:\/\/jasm1.com\/en\/contact\/","title":{"rendered":"Contact"},"content":{"rendered":"<style>.kb-row-layout-id3915_f07c87-8f > .kt-row-column-wrap{align-content:start;}:where(.kb-row-layout-id3915_f07c87-8f > .kt-row-column-wrap) > .wp-block-kadence-column{justify-content:start;}.kb-row-layout-id3915_f07c87-8f > .kt-row-column-wrap{column-gap:var(--global-kb-gap-md, 2rem);row-gap:var(--global-kb-gap-md, 2rem);max-width:65%;margin-left:auto;margin-right:auto;padding-top:var(--global-kb-spacing-sm, 1.5rem);padding-bottom:var(--global-kb-spacing-sm, 1.5rem);grid-template-columns:minmax(0, 1fr);}.kb-row-layout-id3915_f07c87-8f > .kt-row-layout-overlay{opacity:0.30;}@media all and (max-width: 1024px){.kb-row-layout-id3915_f07c87-8f > .kt-row-column-wrap{max-width:80%;margin-left:auto;margin-right:auto;grid-template-columns:minmax(0, 1fr);}}@media all and (max-width: 767px){.kb-row-layout-id3915_f07c87-8f > .kt-row-column-wrap{max-width:95%;margin-left:auto;margin-right:auto;grid-template-columns:minmax(0, 1fr);}}<\/style><div class=\"kb-row-layout-wrap kb-row-layout-id3915_f07c87-8f alignnone wp-block-kadence-rowlayout\"><div class=\"kt-row-column-wrap kt-has-1-columns kt-row-layout-equal kt-tab-layout-inherit kt-mobile-layout-row kt-row-valign-top\">\n<style>.kadence-column3915_8c4ed3-55 > .kt-inside-inner-col,.kadence-column3915_8c4ed3-55 > .kt-inside-inner-col:before{border-top-left-radius:0px;border-top-right-radius:0px;border-bottom-right-radius:0px;border-bottom-left-radius:0px;}.kadence-column3915_8c4ed3-55 > .kt-inside-inner-col{column-gap:var(--global-kb-gap-sm, 1rem);}.kadence-column3915_8c4ed3-55 > .kt-inside-inner-col{flex-direction:column;}.kadence-column3915_8c4ed3-55 > .kt-inside-inner-col > .aligncenter{width:100%;}.kadence-column3915_8c4ed3-55 > .kt-inside-inner-col:before{opacity:0.3;}.kadence-column3915_8c4ed3-55{position:relative;}@media all and (max-width: 1024px){.kadence-column3915_8c4ed3-55 > .kt-inside-inner-col{flex-direction:column;justify-content:center;}}@media all and (max-width: 767px){.kadence-column3915_8c4ed3-55 > .kt-inside-inner-col{flex-direction:column;justify-content:center;}}<\/style>\n<div class=\"wp-block-kadence-column kadence-column3915_8c4ed3-55\"><div class=\"kt-inside-inner-col\">\n<h1 class=\"wp-block-heading\">Contact<\/h1>\n\n\n\n<p>Exhibitions, acquisitions, collaborations, press \u2014 hello [at] jasm1.com<br\/>Lausanne, Switzerland<\/p>\n\n\n<style id=\"wpforms-css-vars-3960-block-5450e416-6ceb-45f5-8b83-30ba1390ed4c\">\n\t\t\t\t#wpforms-3960.wpforms-block-5450e416-6ceb-45f5-8b83-30ba1390ed4c {\n\t\t\t\t--wpforms-label-color: #262626;\n--wpforms-label-sublabel-color: #7f7f7f;\n--wpforms-label-error-color: #ff0000;\n--wpforms-page-break-color: #dddddd;\n--wpforms-field-border-radius: 0px;\n--wpforms-field-border-color: #cccccc;\n--wpforms-field-border-color-spare: #cccccc;\n--wpforms-field-text-color: #444444;\n--wpforms-button-border-style: solid;\n--wpforms-button-border-radius: 0px;\n--wpforms-button-background-color: #dddddd;\n--wpforms-button-text-color: #666666;\n--wpforms-button-border-color: #cccccc;\n--wpforms-field-size-input-height: 43px;\n--wpforms-field-size-input-spacing: 15px;\n--wpforms-field-size-font-size: 16px;\n--wpforms-field-size-line-height: 19px;\n--wpforms-field-size-padding-h: 14px;\n--wpforms-field-size-checkbox-size: 16px;\n--wpforms-field-size-sublabel-spacing: 5px;\n--wpforms-field-size-icon-size: 1;\n--wpforms-label-size-font-size: 14px;\n--wpforms-label-size-line-height: 17px;\n--wpforms-label-size-sublabel-font-size: 13px;\n--wpforms-label-size-sublabel-line-height: 16px;\n--wpforms-button-size-font-size: 17px;\n--wpforms-button-size-height: 41px;\n--wpforms-button-size-padding-h: 15px;\n--wpforms-button-size-margin-top: 10px;\n\t\t\t}\n\t\t\t<\/style><div class=\"wpforms-container wpforms-container-full wpforms-block wpforms-block-5450e416-6ceb-45f5-8b83-30ba1390ed4c wpforms-render-modern\" id=\"wpforms-3960\"><form id=\"wpforms-form-3960\" class=\"wpforms-validate wpforms-form wpforms-ajax-form\" data-formid=\"3960\" method=\"post\" enctype=\"multipart\/form-data\" action=\"\/en\/wp-json\/wp\/v2\/pages\/4918\" data-token=\"8873898a97f2340383495adf0dd49772\" data-token-time=\"1778591848\"><noscript class=\"wpforms-error-noscript\">Please enable JavaScript in your browser to complete this form.<\/noscript><div id=\"wpforms-error-noscript\" style=\"display: none;\">Please enable JavaScript in your browser to complete this form.<\/div><div class=\"wpforms-field-container\"><div id=\"wpforms-3960-field_1-container\" class=\"wpforms-field wpforms-field-name\" data-field-id=\"1\"><fieldset><legend class=\"wpforms-field-label\">Name <span class=\"wpforms-required-label\" aria-hidden=\"true\">*<\/span><\/legend><div class=\"wpforms-field-row wpforms-field-medium\"><div class=\"wpforms-field-row-block wpforms-first wpforms-one-half\"><input type=\"text\" id=\"wpforms-3960-field_1\" class=\"wpforms-field-name-first wpforms-field-required\" name=\"wpforms[fields][1][first]\" aria-errormessage=\"wpforms-3960-field_1-error\" required><label for=\"wpforms-3960-field_1\" class=\"wpforms-field-sublabel after\">Firstname<\/label><\/div><div class=\"wpforms-field-row-block wpforms-one-half\"><input type=\"text\" id=\"wpforms-3960-field_1-last\" class=\"wpforms-field-name-last wpforms-field-required\" name=\"wpforms[fields][1][last]\" aria-errormessage=\"wpforms-3960-field_1-last-error\" required><label for=\"wpforms-3960-field_1-last\" class=\"wpforms-field-sublabel after\">Name<\/label><\/div><\/div><\/fieldset><\/div>\t\t<div id=\"wpforms-3960-field_5-container\"\n\t\t\tclass=\"wpforms-field wpforms-field-text\"\n\t\t\tdata-field-type=\"text\"\n\t\t\tdata-field-id=\"5\"\n\t\t\t>\n\t\t\t<label class=\"wpforms-field-label\" for=\"wpforms-3960-field_5\" >Name Message E-mail<\/label>\n\t\t\t<input type=\"text\" id=\"wpforms-3960-field_5\" class=\"wpforms-field-medium\" name=\"wpforms[fields][5]\" >\n\t\t<\/div>\n\t\t<div id=\"wpforms-3960-field_2-container\" class=\"wpforms-field wpforms-field-email\" data-field-id=\"2\"><label class=\"wpforms-field-label\" for=\"wpforms-3960-field_2\">E-mail <span class=\"wpforms-required-label\" aria-hidden=\"true\">*<\/span><\/label><input type=\"email\" id=\"wpforms-3960-field_2\" class=\"wpforms-field-medium wpforms-field-required\" name=\"wpforms[fields][2]\" spellcheck=\"false\" aria-errormessage=\"wpforms-3960-field_2-error\" required><\/div><div id=\"wpforms-3960-field_4-container\" class=\"wpforms-field wpforms-field-text\" data-field-id=\"4\"><label class=\"wpforms-field-label\" for=\"wpforms-3960-field_4\">Subject <span class=\"wpforms-required-label\" aria-hidden=\"true\">*<\/span><\/label><input type=\"text\" id=\"wpforms-3960-field_4\" class=\"wpforms-field-medium wpforms-field-required\" name=\"wpforms[fields][4]\" aria-errormessage=\"wpforms-3960-field_4-error\" required><\/div><div id=\"wpforms-3960-field_3-container\" class=\"wpforms-field wpforms-field-textarea\" data-field-id=\"3\"><label class=\"wpforms-field-label\" for=\"wpforms-3960-field_3\">Message <span class=\"wpforms-required-label\" aria-hidden=\"true\">*<\/span><\/label><textarea id=\"wpforms-3960-field_3\" class=\"wpforms-field-medium wpforms-field-required\" name=\"wpforms[fields][3]\" aria-errormessage=\"wpforms-3960-field_3-error\" required><\/textarea><\/div><script>\n\t\t\t\t( function() {\n\t\t\t\t\tconst style = document.createElement( 'style' );\n\t\t\t\t\tstyle.appendChild( document.createTextNode( '#wpforms-3960-field_5-container { position: absolute !important; overflow: hidden !important; display: inline !important; height: 1px !important; width: 1px !important; z-index: -1000 !important; padding: 0 !important; } #wpforms-3960-field_5-container input { visibility: hidden; } #wpforms-conversational-form-page #wpforms-3960-field_5-container label { counter-increment: none; }' ) );\n\t\t\t\t\tdocument.head.appendChild( style );\n\t\t\t\t\tdocument.currentScript?.remove();\n\t\t\t\t} )();\n\t\t\t<\/script><\/div><!-- .wpforms-field-container --><div class=\"wpforms-submit-container\" ><input type=\"hidden\" name=\"wpforms[id]\" value=\"3960\"><input type=\"hidden\" name=\"page_title\" value=\"\"><input type=\"hidden\" name=\"page_url\" value=\"https:\/\/jasm1.com\/en\/wp-json\/wp\/v2\/pages\/4918\"><input type=\"hidden\" name=\"url_referer\" value=\"\"><button type=\"submit\" name=\"wpforms[submit]\" id=\"wpforms-submit-3960\" class=\"wpforms-submit\" data-alt-text=\"Sending...\" data-submit-text=\"Send\" aria-live=\"assertive\" value=\"wpforms-submit\">Send<\/button><img loading=\"lazy\" decoding=\"async\" src=\"https:\/\/jasm1.com\/wp-content\/plugins\/wpforms-lite\/assets\/images\/submit-spin.svg\" class=\"wpforms-submit-spinner\" style=\"display: none;\" width=\"26\" height=\"26\" alt=\"Loading\"><\/div><\/form><\/div>  <!-- .wpforms-container --><\/div><\/div>\n\n<\/div><\/div>","protected":false},"excerpt":{"rendered":"<p>Contact Exhibitions, acquisitions, collaborations, press \u2014 hello [at] jasm1.comLausanne, Switzerland<\/p>\n","protected":false},"author":1,"featured_media":0,"parent":0,"menu_order":0,"comment_status":"closed","ping_status":"closed","template":"","meta":{"_acf_changed":false,"_kad_post_transparent":"","_kad_post_title":"","_kad_post_layout":"","_kad_post_sidebar_id":"","_kad_post_content_style":"","_kad_post_vertical_padding":"","_kad_post_feature":"","_kad_post_feature_position":"","_kad_post_header":false,"_kad_post_footer":false,"_kad_post_classname":"","footnotes":""},"class_list":["post-4918","page","type-page","status-publish","hentry"],"acf":[],"yoast_head":"<!-- This site is optimized with the Yoast SEO plugin v27.5 - https:\/\/yoast.com\/product\/yoast-seo-wordpress\/ -->\n<title>Contact \u2014 Jasm One (Issam Rezgui)<\/title>\n<meta name=\"description\" content=\"Contact Jasm One (Issam Rezgui) for artistic collaborations, exhibitions, artwork acquisitions or inquiries.\" \/>\n<meta name=\"robots\" content=\"index, follow, max-snippet:-1, max-image-preview:large, max-video-preview:-1\" \/>\n<link rel=\"canonical\" href=\"https:\/\/jasm1.com\/en\/contact\/\" \/>\n<meta property=\"og:locale\" content=\"en_US\" \/>\n<meta property=\"og:type\" content=\"article\" \/>\n<meta property=\"og:title\" content=\"Contact \u2014 Jasm One (Issam Rezgui)\" \/>\n<meta property=\"og:description\" content=\"Contact Jasm One (Issam Rezgui) for artistic collaborations, exhibitions, artwork acquisitions or inquiries.\" \/>\n<meta property=\"og:url\" content=\"https:\/\/jasm1.com\/en\/contact\/\" \/>\n<meta property=\"og:site_name\" content=\"jasm1.com\" \/>\n<meta property=\"article:publisher\" content=\"https:\/\/www.facebook.com\/jasm1official\" \/>\n<meta property=\"article:modified_time\" content=\"2026-05-12T08:23:25+00:00\" \/>\n<meta name=\"twitter:card\" content=\"summary_large_image\" \/>\n<script type=\"application\/ld+json\" class=\"yoast-schema-graph\">{\"@context\":\"https:\\\/\\\/schema.org\",\"@graph\":[{\"@type\":\"WebPage\",\"@id\":\"https:\\\/\\\/jasm1.com\\\/en\\\/contact\\\/\",\"url\":\"https:\\\/\\\/jasm1.com\\\/en\\\/contact\\\/\",\"name\":\"Contact \u2014 Jasm One (Issam Rezgui)\",\"isPartOf\":{\"@id\":\"https:\\\/\\\/jasm1.com\\\/en\\\/#website\"},\"datePublished\":\"2026-05-03T20:48:39+00:00\",\"dateModified\":\"2026-05-12T08:23:25+00:00\",\"description\":\"Contact Jasm One (Issam Rezgui) for artistic collaborations, exhibitions, artwork acquisitions or inquiries.\",\"breadcrumb\":{\"@id\":\"https:\\\/\\\/jasm1.com\\\/en\\\/contact\\\/#breadcrumb\"},\"inLanguage\":\"en-US\",\"potentialAction\":[{\"@type\":\"ReadAction\",\"target\":[\"https:\\\/\\\/jasm1.com\\\/en\\\/contact\\\/\"]}]},{\"@type\":\"BreadcrumbList\",\"@id\":\"https:\\\/\\\/jasm1.com\\\/en\\\/contact\\\/#breadcrumb\",\"itemListElement\":[{\"@type\":\"ListItem\",\"position\":1,\"name\":\"Accueil\",\"item\":\"https:\\\/\\\/jasm1.com\\\/en\\\/\"},{\"@type\":\"ListItem\",\"position\":2,\"name\":\"Contact\"}]},{\"@type\":\"WebSite\",\"@id\":\"https:\\\/\\\/jasm1.com\\\/en\\\/#website\",\"url\":\"https:\\\/\\\/jasm1.com\\\/en\\\/\",\"name\":\"Jasm One\",\"description\":\"Jasm One \u2014 Artist\",\"publisher\":{\"@id\":\"https:\\\/\\\/jasm1.com\\\/en\\\/#\\\/schema\\\/person\\\/586aa00ccbb7789fc6157b723cd017d9\"},\"potentialAction\":[{\"@type\":\"SearchAction\",\"target\":{\"@type\":\"EntryPoint\",\"urlTemplate\":\"https:\\\/\\\/jasm1.com\\\/en\\\/?s={search_term_string}\"},\"query-input\":{\"@type\":\"PropertyValueSpecification\",\"valueRequired\":true,\"valueName\":\"search_term_string\"}}],\"inLanguage\":\"en-US\"},{\"@type\":[\"Person\",\"Organization\"],\"@id\":\"https:\\\/\\\/jasm1.com\\\/en\\\/#\\\/schema\\\/person\\\/586aa00ccbb7789fc6157b723cd017d9\",\"name\":\"Issam Rezgui\",\"pronouns\":\"il\\\/lui\",\"image\":{\"@type\":\"ImageObject\",\"inLanguage\":\"en-US\",\"@id\":\"https:\\\/\\\/jasm1.com\\\/wp-content\\\/uploads\\\/2026\\\/05\\\/logo-jasm-one-web-scaled.png\",\"url\":\"https:\\\/\\\/jasm1.com\\\/wp-content\\\/uploads\\\/2026\\\/05\\\/logo-jasm-one-web-scaled.png\",\"contentUrl\":\"https:\\\/\\\/jasm1.com\\\/wp-content\\\/uploads\\\/2026\\\/05\\\/logo-jasm-one-web-scaled.png\",\"width\":2560,\"height\":385,\"caption\":\"Issam Rezgui\"},\"logo\":{\"@id\":\"https:\\\/\\\/jasm1.com\\\/wp-content\\\/uploads\\\/2026\\\/05\\\/logo-jasm-one-web-scaled.png\"},\"description\":\"Jasm One (Issam Rezgui) est un artiste contemporain suisse-tunisien n\u00e9 \u00e0 Gen\u00e8ve en 1983. Sa pratique \u2014 peinture, graffiti, installation, intervention urbaine \u00e0 grande \u00e9chelle \u2014 agit directement sur la perception, les lieux et la m\u00e9moire. Fondateur d'Art Valais OPEN AIR MUSEUM, l'un des plus vastes mus\u00e9es d'art urbain \u00e0 ciel ouvert au monde.\",\"sameAs\":[\"https:\\\/\\\/jasm1.com\",\"https:\\\/\\\/www.facebook.com\\\/jasm1official\",\"https:\\\/\\\/www.instagram.com\\\/jasm_one\\\/\",\"https:\\\/\\\/www.linkedin.com\\\/in\\\/issamrezgui\\\/\",\"https:\\\/\\\/ch.pinterest.com\\\/jasm_one\",\"https:\\\/\\\/www.youtube.com\\\/@JasmOne\"]}]}<\/script>\n<!-- \/ Yoast SEO plugin. -->","yoast_head_json":{"title":"Contact \u2014 Jasm One (Issam Rezgui)","description":"Contact Jasm One (Issam Rezgui) for artistic collaborations, exhibitions, artwork acquisitions or inquiries.","robots":{"index":"index","follow":"follow","max-snippet":"max-snippet:-1","max-image-preview":"max-image-preview:large","max-video-preview":"max-video-preview:-1"},"canonical":"https:\/\/jasm1.com\/en\/contact\/","og_locale":"en_US","og_type":"article","og_title":"Contact \u2014 Jasm One (Issam Rezgui)","og_description":"Contact Jasm One (Issam Rezgui) for artistic collaborations, exhibitions, artwork acquisitions or inquiries.","og_url":"https:\/\/jasm1.com\/en\/contact\/","og_site_name":"jasm1.com","article_publisher":"https:\/\/www.facebook.com\/jasm1official","article_modified_time":"2026-05-12T08:23:25+00:00","twitter_card":"summary_large_image","schema":{"@context":"https:\/\/schema.org","@graph":[{"@type":"WebPage","@id":"https:\/\/jasm1.com\/en\/contact\/","url":"https:\/\/jasm1.com\/en\/contact\/","name":"Contact \u2014 Jasm One (Issam Rezgui)","isPartOf":{"@id":"https:\/\/jasm1.com\/en\/#website"},"datePublished":"2026-05-03T20:48:39+00:00","dateModified":"2026-05-12T08:23:25+00:00","description":"Contact Jasm One (Issam Rezgui) for artistic collaborations, exhibitions, artwork acquisitions or inquiries.","breadcrumb":{"@id":"https:\/\/jasm1.com\/en\/contact\/#breadcrumb"},"inLanguage":"en-US","potentialAction":[{"@type":"ReadAction","target":["https:\/\/jasm1.com\/en\/contact\/"]}]},{"@type":"BreadcrumbList","@id":"https:\/\/jasm1.com\/en\/contact\/#breadcrumb","itemListElement":[{"@type":"ListItem","position":1,"name":"Accueil","item":"https:\/\/jasm1.com\/en\/"},{"@type":"ListItem","position":2,"name":"Contact"}]},{"@type":"WebSite","@id":"https:\/\/jasm1.com\/en\/#website","url":"https:\/\/jasm1.com\/en\/","name":"Jasm One","description":"Jasm One \u2014 Artist","publisher":{"@id":"https:\/\/jasm1.com\/en\/#\/schema\/person\/586aa00ccbb7789fc6157b723cd017d9"},"potentialAction":[{"@type":"SearchAction","target":{"@type":"EntryPoint","urlTemplate":"https:\/\/jasm1.com\/en\/?s={search_term_string}"},"query-input":{"@type":"PropertyValueSpecification","valueRequired":true,"valueName":"search_term_string"}}],"inLanguage":"en-US"},{"@type":["Person","Organization"],"@id":"https:\/\/jasm1.com\/en\/#\/schema\/person\/586aa00ccbb7789fc6157b723cd017d9","name":"Issam Rezgui","pronouns":"il\/lui","image":{"@type":"ImageObject","inLanguage":"en-US","@id":"https:\/\/jasm1.com\/wp-content\/uploads\/2026\/05\/logo-jasm-one-web-scaled.png","url":"https:\/\/jasm1.com\/wp-content\/uploads\/2026\/05\/logo-jasm-one-web-scaled.png","contentUrl":"https:\/\/jasm1.com\/wp-content\/uploads\/2026\/05\/logo-jasm-one-web-scaled.png","width":2560,"height":385,"caption":"Issam Rezgui"},"logo":{"@id":"https:\/\/jasm1.com\/wp-content\/uploads\/2026\/05\/logo-jasm-one-web-scaled.png"},"description":"Jasm One (Issam Rezgui) est un artiste contemporain suisse-tunisien n\u00e9 \u00e0 Gen\u00e8ve en 1983. Sa pratique \u2014 peinture, graffiti, installation, intervention urbaine \u00e0 grande \u00e9chelle \u2014 agit directement sur la perception, les lieux et la m\u00e9moire. Fondateur d'Art Valais OPEN AIR MUSEUM, l'un des plus vastes mus\u00e9es d'art urbain \u00e0 ciel ouvert au monde.","sameAs":["https:\/\/jasm1.com","https:\/\/www.facebook.com\/jasm1official","https:\/\/www.instagram.com\/jasm_one\/","https:\/\/www.linkedin.com\/in\/issamrezgui\/","https:\/\/ch.pinterest.com\/jasm_one","https:\/\/www.youtube.com\/@JasmOne"]}]}},"_links":{"self":[{"href":"https:\/\/jasm1.com\/en\/wp-json\/wp\/v2\/pages\/4918","targetHints":{"allow":["GET"]}}],"collection":[{"href":"https:\/\/jasm1.com\/en\/wp-json\/wp\/v2\/pages"}],"about":[{"href":"https:\/\/jasm1.com\/en\/wp-json\/wp\/v2\/types\/page"}],"author":[{"embeddable":true,"href":"https:\/\/jasm1.com\/en\/wp-json\/wp\/v2\/users\/1"}],"replies":[{"embeddable":true,"href":"https:\/\/jasm1.com\/en\/wp-json\/wp\/v2\/comments?post=4918"}],"version-history":[{"count":1,"href":"https:\/\/jasm1.com\/en\/wp-json\/wp\/v2\/pages\/4918\/revisions"}],"predecessor-version":[{"id":4919,"href":"https:\/\/jasm1.com\/en\/wp-json\/wp\/v2\/pages\/4918\/revisions\/4919"}],"wp:attachment":[{"href":"https:\/\/jasm1.com\/en\/wp-json\/wp\/v2\/media?parent=4918"}],"curies":[{"name":"wp","href":"https:\/\/api.w.org\/{rel}","templated":true}]}}